{"id":254,"date":"2022-04-19T21:37:48","date_gmt":"2022-04-19T21:37:48","guid":{"rendered":"https:\/\/svinjceza.com\/?page_id=254"},"modified":"2022-04-19T22:12:48","modified_gmt":"2022-04-19T22:12:48","slug":"dogadjaji","status":"publish","type":"page","link":"https:\/\/svinjceza.com\/?page_id=254","title":{"rendered":"Doga\u0111aji"},"content":{"rendered":"\t\t<div data-elementor-type=\"wp-post\" data-elementor-id=\"254\" class=\"elementor elementor-254\" data-elementor-settings=\"[]\">\n\t\t\t\t\t\t\t<div class=\"elementor-section-wrap\">\n\t\t\t\t\t\t\t<section class=\"elementor-section elementor-top-section elementor-element elementor-element-3b2968b elementor-section-boxed elementor-section-height-default elementor-section-height-default\" data-id=\"3b2968b\" data-element_type=\"section\" data-settings=\"{&quot;background_background&quot;:&quot;classic&quot;}\">\n\t\t\t\t\t\t<div class=\"elementor-container elementor-column-gap-default\">\n\t\t\t\t\t<div class=\"elementor-column elementor-col-100 elementor-top-column elementor-element elementor-element-fbf00ae\" data-id=\"fbf00ae\" data-element_type=\"column\">\n\t\t\t<div class=\"elementor-widget-wrap elementor-element-populated\">\n\t\t\t\t\t\t\t\t<div class=\"elementor-element elementor-element-4c67f71 elementor-invisible elementor-widget elementor-widget-image\" data-id=\"4c67f71\" data-element_type=\"widget\" data-settings=\"{&quot;_animation&quot;:&quot;bounceInLeft&quot;}\" data-widget_type=\"image.default\">\n\t\t\t\t<div class=\"elementor-widget-container\">\n\t\t\t<style>\/*! elementor - v3.5.5 - 03-02-2022 *\/\n.elementor-widget-image{text-align:center}.elementor-widget-image a{display:inline-block}.elementor-widget-image a img[src$=\".svg\"]{width:48px}.elementor-widget-image img{vertical-align:middle;display:inline-block}<\/style>\t\t\t\t\t\t\t\t\t\t\t\t<img loading=\"lazy\" decoding=\"async\" width=\"950\" height=\"582\" src=\"https:\/\/svinjceza.com\/wp-content\/uploads\/2022\/02\/cropped-cropped-svinjceza_homepage-1-1-1024x627.png\" class=\"attachment-large size-large\" alt=\"\" srcset=\"https:\/\/svinjceza.com\/wp-content\/uploads\/2022\/02\/cropped-cropped-svinjceza_homepage-1-1-1024x627.png 1024w, https:\/\/svinjceza.com\/wp-content\/uploads\/2022\/02\/cropped-cropped-svinjceza_homepage-1-1-600x368.png 600w, https:\/\/svinjceza.com\/wp-content\/uploads\/2022\/02\/cropped-cropped-svinjceza_homepage-1-1-300x184.png 300w, https:\/\/svinjceza.com\/wp-content\/uploads\/2022\/02\/cropped-cropped-svinjceza_homepage-1-1-768x470.png 768w, https:\/\/svinjceza.com\/wp-content\/uploads\/2022\/02\/cropped-cropped-svinjceza_homepage-1-1-1536x941.png 1536w, https:\/\/svinjceza.com\/wp-content\/uploads\/2022\/02\/cropped-cropped-svinjceza_homepage-1-1.png 2000w\" sizes=\"auto, 100vw\" \/>\t\t\t\t\t\t\t\t\t\t\t\t\t\t\t<\/div>\n\t\t\t\t<\/div>\n\t\t\t\t<div class=\"elementor-element elementor-element-1c92020 elementor-widget elementor-widget-spacer\" data-id=\"1c92020\" data-element_type=\"widget\" data-widget_type=\"spacer.default\">\n\t\t\t\t<div class=\"elementor-widget-container\">\n\t\t\t\t\t<div class=\"elementor-spacer\">\n\t\t\t<div class=\"elementor-spacer-inner\"><\/div>\n\t\t<\/div>\n\t\t\t\t<\/div>\n\t\t\t\t<\/div>\n\t\t\t\t<div class=\"elementor-element elementor-element-f5fe9fb elementor-widget elementor-widget-heading\" data-id=\"f5fe9fb\" data-element_type=\"widget\" data-widget_type=\"heading.default\">\n\t\t\t\t<div class=\"elementor-widget-container\">\n\t\t\t<style>\/*! elementor - v3.5.5 - 03-02-2022 *\/\n.elementor-heading-title{padding:0;margin:0;line-height:1}.elementor-widget-heading .elementor-heading-title[class*=elementor-size-]>a{color:inherit;font-size:inherit;line-height:inherit}.elementor-widget-heading .elementor-heading-title.elementor-size-small{font-size:15px}.elementor-widget-heading .elementor-heading-title.elementor-size-medium{font-size:19px}.elementor-widget-heading .elementor-heading-title.elementor-size-large{font-size:29px}.elementor-widget-heading .elementor-heading-title.elementor-size-xl{font-size:39px}.elementor-widget-heading .elementor-heading-title.elementor-size-xxl{font-size:59px}<\/style><h1 class=\"elementor-heading-title elementor-size-default\">Doga\u0111aji<\/h1>\t\t<\/div>\n\t\t\t\t<\/div>\n\t\t\t\t<div class=\"elementor-element elementor-element-b4f73c4 elementor-widget elementor-widget-spacer\" data-id=\"b4f73c4\" data-element_type=\"widget\" data-widget_type=\"spacer.default\">\n\t\t\t\t<div class=\"elementor-widget-container\">\n\t\t\t\t\t<div class=\"elementor-spacer\">\n\t\t\t<div class=\"elementor-spacer-inner\"><\/div>\n\t\t<\/div>\n\t\t\t\t<\/div>\n\t\t\t\t<\/div>\n\t\t\t\t\t<\/div>\n\t\t<\/div>\n\t\t\t\t\t\t\t<\/div>\n\t\t<\/section>\n\t\t\t\t<section class=\"elementor-section elementor-top-section elementor-element elementor-element-5fa151d elementor-section-boxed elementor-section-height-default elementor-section-height-default\" data-id=\"5fa151d\" data-element_type=\"section\" data-settings=\"{&quot;background_background&quot;:&quot;classic&quot;}\">\n\t\t\t\t\t\t<div class=\"elementor-container elementor-column-gap-default\">\n\t\t\t\t\t<div class=\"elementor-column elementor-col-100 elementor-top-column elementor-element elementor-element-5ae0b4a\" data-id=\"5ae0b4a\" data-element_type=\"column\">\n\t\t\t<div class=\"elementor-widget-wrap elementor-element-populated\">\n\t\t\t\t\t\t\t\t<div class=\"elementor-element elementor-element-c29816c elementor-widget elementor-widget-spacer\" data-id=\"c29816c\" data-element_type=\"widget\" data-widget_type=\"spacer.default\">\n\t\t\t\t<div class=\"elementor-widget-container\">\n\t\t\t\t\t<div class=\"elementor-spacer\">\n\t\t\t<div class=\"elementor-spacer-inner\"><\/div>\n\t\t<\/div>\n\t\t\t\t<\/div>\n\t\t\t\t<\/div>\n\t\t\t\t<section class=\"elementor-section elementor-inner-section elementor-element elementor-element-646c8cc elementor-section-boxed elementor-section-height-default elementor-section-height-default\" data-id=\"646c8cc\" data-element_type=\"section\">\n\t\t\t\t\t\t<div class=\"elementor-container elementor-column-gap-default\">\n\t\t\t\t\t<div class=\"elementor-column elementor-col-50 elementor-inner-column elementor-element elementor-element-a8c0452\" data-id=\"a8c0452\" data-element_type=\"column\">\n\t\t\t<div class=\"elementor-widget-wrap elementor-element-populated\">\n\t\t\t\t\t\t\t\t<div class=\"elementor-element elementor-element-77d72b8 elementor-widget elementor-widget-image\" data-id=\"77d72b8\" data-element_type=\"widget\" data-widget_type=\"image.default\">\n\t\t\t\t<div class=\"elementor-widget-container\">\n\t\t\t\t\t\t\t\t\t\t\t\t\t\t\t\t<a href=\"https:\/\/hrti.hrt.hr\/home?id=0df156f0-f34b-cf99-04c7-d315d441b708\">\n\t\t\t\t\t\t\t<img loading=\"lazy\" decoding=\"async\" width=\"950\" height=\"632\" src=\"https:\/\/svinjceza.com\/wp-content\/uploads\/2022\/04\/svinjceza_o_nama_11-1024x681.jpg\" class=\"attachment-large size-large\" alt=\"\" srcset=\"https:\/\/svinjceza.com\/wp-content\/uploads\/2022\/04\/svinjceza_o_nama_11-1024x681.jpg 1024w, https:\/\/svinjceza.com\/wp-content\/uploads\/2022\/04\/svinjceza_o_nama_11-scaled-600x399.jpg 600w, https:\/\/svinjceza.com\/wp-content\/uploads\/2022\/04\/svinjceza_o_nama_11-300x200.jpg 300w, https:\/\/svinjceza.com\/wp-content\/uploads\/2022\/04\/svinjceza_o_nama_11-768x511.jpg 768w, https:\/\/svinjceza.com\/wp-content\/uploads\/2022\/04\/svinjceza_o_nama_11-1536x1022.jpg 1536w, https:\/\/svinjceza.com\/wp-content\/uploads\/2022\/04\/svinjceza_o_nama_11-2048x1362.jpg 2048w, https:\/\/svinjceza.com\/wp-content\/uploads\/2022\/04\/svinjceza_o_nama_11-2000x1330.jpg 2000w\" sizes=\"auto, 100vw\" \/>\t\t\t\t\t\t\t\t<\/a>\n\t\t\t\t\t\t\t\t\t\t\t\t\t\t\t<\/div>\n\t\t\t\t<\/div>\n\t\t\t\t<div class=\"elementor-element elementor-element-b1dcaa8 elementor-widget elementor-widget-text-editor\" data-id=\"b1dcaa8\" data-element_type=\"widget\" data-widget_type=\"text-editor.default\">\n\t\t\t\t<div class=\"elementor-widget-container\">\n\t\t\t<style>\/*! elementor - v3.5.5 - 03-02-2022 *\/\n.elementor-widget-text-editor.elementor-drop-cap-view-stacked .elementor-drop-cap{background-color:#818a91;color:#fff}.elementor-widget-text-editor.elementor-drop-cap-view-framed .elementor-drop-cap{color:#818a91;border:3px solid;background-color:transparent}.elementor-widget-text-editor:not(.elementor-drop-cap-view-default) .elementor-drop-cap{margin-top:8px}.elementor-widget-text-editor:not(.elementor-drop-cap-view-default) .elementor-drop-cap-letter{width:1em;height:1em}.elementor-widget-text-editor .elementor-drop-cap{float:left;text-align:center;line-height:1;font-size:50px}.elementor-widget-text-editor .elementor-drop-cap-letter{display:inline-block}<\/style>\t\t\t\t<h3>4.6.2022. od 11-15 sati <br \/>Promocija slikovnice PD Risnjak na Medvednici<\/h3><p>Bogat program za djecu, nagradna igra, sportske igre, slikanje sa autoricom i ilustratoricom, kino box, predavanje prof. Dejana Nem\u010di\u0107a\u2026.<\/p><p><strong>SVINJCEZA I SVINJC<\/strong><\/p><p><em>Ponavljati vi\u0161e ne\u0107u,<\/em><br \/><em>Pri\u010du slatku svi smo \u010duli,<\/em><br \/><em>O Svinjcezi i o Svinjcu<\/em><br \/><em>Svako dijete sad ve\u0107 tuli.<\/em><\/p><p><em>Deset godina je pro\u0161lo,<\/em><br \/><em>Danas odrasli su oni,<\/em><br \/><em>O vjen\u010danju svako zvono<\/em><br \/><em>Veliko i malo zvoni.<\/em><\/p><p>Svojim drugim nastavkom pri\u010de u stihovima o Svinjcezi i Svinjcu autorica Iva Ko\u017eul Salihagi\u0107 i ilustratorica Lidija Kraljevi\u0107 odu\u0161evit \u0107e ne samo najmla\u0111e nego i odrasle \u010ditatelje. Ovaj izniman dvojac odli\u010dno se nadopunjava, \u0161to svjedo\u010de njihovi vedri, veseli i simpati\u010dni likovi \u2013 kako u tekstu tako i u slici. Iz karaktera Svinjceze i Svinjca jasno se mo\u017ee zaklju\u010diti da je Iva sanjar koji zna \u0161to \u017eeli i od toga ne odustaje: opijena je \u017eivotom i svojim djelima dokazuje da zemlja \u010dudesa zaista postoji. Lidija svojim ilustracijama pokazuje svoj vedar i veseo duh, a njezin osmijeh u potpunosti je prenesen na glavne junake ove slikovnice. I Iva i Lidija spremne su zasukati nogavice i zajedno usko\u010diti u blato i igrati se sa svim svinjcezama i svinj\u010devima koji su dovoljno hrabri to u\u010diniti s njima. Usko\u010dite i vi u novu pri\u010du, a tko zna, mo\u017eda jednoga dana i u pravo blato?!<\/p>\t\t\t\t\t\t<\/div>\n\t\t\t\t<\/div>\n\t\t\t\t\t<\/div>\n\t\t<\/div>\n\t\t\t\t<div class=\"elementor-column elementor-col-50 elementor-inner-column elementor-element elementor-element-8af64a8\" data-id=\"8af64a8\" data-element_type=\"column\">\n\t\t\t<div class=\"elementor-widget-wrap\">\n\t\t\t\t\t\t\t\t\t<\/div>\n\t\t<\/div>\n\t\t\t\t\t\t\t<\/div>\n\t\t<\/section>\n\t\t\t\t<div class=\"elementor-element elementor-element-bec08ed elementor-widget elementor-widget-spacer\" data-id=\"bec08ed\" data-element_type=\"widget\" data-widget_type=\"spacer.default\">\n\t\t\t\t<div class=\"elementor-widget-container\">\n\t\t\t\t\t<div class=\"elementor-spacer\">\n\t\t\t<div class=\"elementor-spacer-inner\"><\/div>\n\t\t<\/div>\n\t\t\t\t<\/div>\n\t\t\t\t<\/div>\n\t\t\t\t\t<\/div>\n\t\t<\/div>\n\t\t\t\t\t\t\t<\/div>\n\t\t<\/section>\n\t\t\t\t\t\t<\/div>\n\t\t\t\t\t<\/div>\n\t\t","protected":false},"excerpt":{"rendered":"<p>Doga\u0111aji 4.6.2022. od 11-15 sati Promocija slikovnice PD Risnjak na Medvednici Bogat program za djecu, nagradna igra, sportske igre, slikanje sa autoricom i ilustratoricom, kino box, predavanje prof. Dejana Nem\u010di\u0107a\u2026. SVINJCEZA I SVINJC Ponavljati vi\u0161e ne\u0107u,Pri\u010du slatku svi smo \u010duli,O Svinjcezi i o SvinjcuSvako dijete sad ve\u0107 tuli. Deset godina je pro\u0161lo,Danas odrasli su oni,O &hellip; <\/p>\n<p class=\"link-more\"><a href=\"https:\/\/svinjceza.com\/?page_id=254\" class=\"more-link\">Read more<span class=\"screen-reader-text\"> &#8220;Doga\u0111aji&#8221;<\/span><\/a><\/p>\n","protected":false},"author":2,"featured_media":0,"parent":0,"menu_order":0,"comment_status":"closed","ping_status":"closed","template":"elementor_header_footer","meta":{"footnotes":""},"class_list":["post-254","page","type-page","status-publish","hentry"],"_links":{"self":[{"href":"https:\/\/svinjceza.com\/index.php?rest_route=\/wp\/v2\/pages\/254","targetHints":{"allow":["GET"]}}],"collection":[{"href":"https:\/\/svinjceza.com\/index.php?rest_route=\/wp\/v2\/pages"}],"about":[{"href":"https:\/\/svinjceza.com\/index.php?rest_route=\/wp\/v2\/types\/page"}],"author":[{"embeddable":true,"href":"https:\/\/svinjceza.com\/index.php?rest_route=\/wp\/v2\/users\/2"}],"replies":[{"embeddable":true,"href":"https:\/\/svinjceza.com\/index.php?rest_route=%2Fwp%2Fv2%2Fcomments&post=254"}],"version-history":[{"count":16,"href":"https:\/\/svinjceza.com\/index.php?rest_route=\/wp\/v2\/pages\/254\/revisions"}],"predecessor-version":[{"id":293,"href":"https:\/\/svinjceza.com\/index.php?rest_route=\/wp\/v2\/pages\/254\/revisions\/293"}],"wp:attachment":[{"href":"https:\/\/svinjceza.com\/index.php?rest_route=%2Fwp%2Fv2%2Fmedia&parent=254"}],"curies":[{"name":"wp","href":"https:\/\/api.w.org\/{rel}","templated":true}]}}