{"id":237,"date":"2022-04-11T22:40:04","date_gmt":"2022-04-11T22:40:04","guid":{"rendered":"https:\/\/svinjceza.com\/?page_id=237"},"modified":"2024-11-18T15:47:03","modified_gmt":"2024-11-18T15:47:03","slug":"kontakt","status":"publish","type":"page","link":"https:\/\/svinjceza.com\/?page_id=237","title":{"rendered":"Kontakt"},"content":{"rendered":"\t\t<div data-elementor-type=\"wp-post\" data-elementor-id=\"237\" class=\"elementor elementor-237\" data-elementor-settings=\"[]\">\n\t\t\t\t\t\t\t<div class=\"elementor-section-wrap\">\n\t\t\t\t\t\t\t<section class=\"elementor-section elementor-top-section elementor-element elementor-element-3b2968b elementor-section-boxed elementor-section-height-default elementor-section-height-default\" data-id=\"3b2968b\" data-element_type=\"section\" data-settings=\"{&quot;background_background&quot;:&quot;classic&quot;}\">\n\t\t\t\t\t\t<div class=\"elementor-container elementor-column-gap-default\">\n\t\t\t\t\t<div class=\"elementor-column elementor-col-100 elementor-top-column elementor-element elementor-element-fbf00ae\" data-id=\"fbf00ae\" data-element_type=\"column\">\n\t\t\t<div class=\"elementor-widget-wrap elementor-element-populated\">\n\t\t\t\t\t\t\t\t<div class=\"elementor-element elementor-element-4c67f71 elementor-invisible elementor-widget elementor-widget-image\" data-id=\"4c67f71\" data-element_type=\"widget\" data-settings=\"{&quot;_animation&quot;:&quot;bounceInLeft&quot;}\" data-widget_type=\"image.default\">\n\t\t\t\t<div class=\"elementor-widget-container\">\n\t\t\t<style>\/*! elementor - v3.5.5 - 03-02-2022 *\/\n.elementor-widget-image{text-align:center}.elementor-widget-image a{display:inline-block}.elementor-widget-image a img[src$=\".svg\"]{width:48px}.elementor-widget-image img{vertical-align:middle;display:inline-block}<\/style>\t\t\t\t\t\t\t\t\t\t\t\t<img loading=\"lazy\" decoding=\"async\" width=\"950\" height=\"582\" src=\"https:\/\/svinjceza.com\/wp-content\/uploads\/2022\/02\/cropped-cropped-svinjceza_homepage-1-1-1024x627.png\" class=\"attachment-large size-large\" alt=\"\" srcset=\"https:\/\/svinjceza.com\/wp-content\/uploads\/2022\/02\/cropped-cropped-svinjceza_homepage-1-1-1024x627.png 1024w, https:\/\/svinjceza.com\/wp-content\/uploads\/2022\/02\/cropped-cropped-svinjceza_homepage-1-1-600x368.png 600w, https:\/\/svinjceza.com\/wp-content\/uploads\/2022\/02\/cropped-cropped-svinjceza_homepage-1-1-300x184.png 300w, https:\/\/svinjceza.com\/wp-content\/uploads\/2022\/02\/cropped-cropped-svinjceza_homepage-1-1-768x470.png 768w, https:\/\/svinjceza.com\/wp-content\/uploads\/2022\/02\/cropped-cropped-svinjceza_homepage-1-1-1536x941.png 1536w, https:\/\/svinjceza.com\/wp-content\/uploads\/2022\/02\/cropped-cropped-svinjceza_homepage-1-1.png 2000w\" sizes=\"auto, 100vw\" \/>\t\t\t\t\t\t\t\t\t\t\t\t\t\t\t<\/div>\n\t\t\t\t<\/div>\n\t\t\t\t<div class=\"elementor-element elementor-element-2c2ede2 elementor-widget elementor-widget-spacer\" data-id=\"2c2ede2\" data-element_type=\"widget\" data-widget_type=\"spacer.default\">\n\t\t\t\t<div class=\"elementor-widget-container\">\n\t\t\t\t\t<div class=\"elementor-spacer\">\n\t\t\t<div class=\"elementor-spacer-inner\"><\/div>\n\t\t<\/div>\n\t\t\t\t<\/div>\n\t\t\t\t<\/div>\n\t\t\t\t<div class=\"elementor-element elementor-element-f5fe9fb elementor-widget elementor-widget-heading\" data-id=\"f5fe9fb\" data-element_type=\"widget\" data-widget_type=\"heading.default\">\n\t\t\t\t<div class=\"elementor-widget-container\">\n\t\t\t<style>\/*! elementor - v3.5.5 - 03-02-2022 *\/\n.elementor-heading-title{padding:0;margin:0;line-height:1}.elementor-widget-heading .elementor-heading-title[class*=elementor-size-]>a{color:inherit;font-size:inherit;line-height:inherit}.elementor-widget-heading .elementor-heading-title.elementor-size-small{font-size:15px}.elementor-widget-heading .elementor-heading-title.elementor-size-medium{font-size:19px}.elementor-widget-heading .elementor-heading-title.elementor-size-large{font-size:29px}.elementor-widget-heading .elementor-heading-title.elementor-size-xl{font-size:39px}.elementor-widget-heading .elementor-heading-title.elementor-size-xxl{font-size:59px}<\/style><h1 class=\"elementor-heading-title elementor-size-default\">Kontakt<\/h1>\t\t<\/div>\n\t\t\t\t<\/div>\n\t\t\t\t<div class=\"elementor-element elementor-element-7f5baee elementor-widget elementor-widget-spacer\" data-id=\"7f5baee\" data-element_type=\"widget\" data-widget_type=\"spacer.default\">\n\t\t\t\t<div class=\"elementor-widget-container\">\n\t\t\t\t\t<div class=\"elementor-spacer\">\n\t\t\t<div class=\"elementor-spacer-inner\"><\/div>\n\t\t<\/div>\n\t\t\t\t<\/div>\n\t\t\t\t<\/div>\n\t\t\t\t\t<\/div>\n\t\t<\/div>\n\t\t\t\t\t\t\t<\/div>\n\t\t<\/section>\n\t\t\t\t<section class=\"elementor-section elementor-top-section elementor-element elementor-element-0826f43 elementor-section-boxed elementor-section-height-default elementor-section-height-default\" data-id=\"0826f43\" data-element_type=\"section\">\n\t\t\t\t\t\t<div class=\"elementor-container elementor-column-gap-default\">\n\t\t\t\t\t<div class=\"elementor-column elementor-col-16 elementor-top-column elementor-element elementor-element-6b49d5a\" data-id=\"6b49d5a\" data-element_type=\"column\">\n\t\t\t<div class=\"elementor-widget-wrap\">\n\t\t\t\t\t\t\t\t\t<\/div>\n\t\t<\/div>\n\t\t\t\t<div class=\"elementor-column elementor-col-66 elementor-top-column elementor-element elementor-element-5fe2467\" data-id=\"5fe2467\" data-element_type=\"column\">\n\t\t\t<div class=\"elementor-widget-wrap elementor-element-populated\">\n\t\t\t\t\t\t\t\t<div class=\"elementor-element elementor-element-e03e806 elementor-widget elementor-widget-text-editor\" data-id=\"e03e806\" data-element_type=\"widget\" data-widget_type=\"text-editor.default\">\n\t\t\t\t<div class=\"elementor-widget-container\">\n\t\t\t<style>\/*! elementor - v3.5.5 - 03-02-2022 *\/\n.elementor-widget-text-editor.elementor-drop-cap-view-stacked .elementor-drop-cap{background-color:#818a91;color:#fff}.elementor-widget-text-editor.elementor-drop-cap-view-framed .elementor-drop-cap{color:#818a91;border:3px solid;background-color:transparent}.elementor-widget-text-editor:not(.elementor-drop-cap-view-default) .elementor-drop-cap{margin-top:8px}.elementor-widget-text-editor:not(.elementor-drop-cap-view-default) .elementor-drop-cap-letter{width:1em;height:1em}.elementor-widget-text-editor .elementor-drop-cap{float:left;text-align:center;line-height:1;font-size:50px}.elementor-widget-text-editor .elementor-drop-cap-letter{display:inline-block}<\/style>\t\t\t\t<h3>Imate pitanja? Pi\u0161ite nam i odgovorit \u0107emo vam u najbr\u017eem mogu\u0107em roku<\/h3>\t\t\t\t\t\t<\/div>\n\t\t\t\t<\/div>\n\t\t\t\t\t<\/div>\n\t\t<\/div>\n\t\t\t\t<div class=\"elementor-column elementor-col-16 elementor-top-column elementor-element elementor-element-1005a24\" data-id=\"1005a24\" data-element_type=\"column\">\n\t\t\t<div class=\"elementor-widget-wrap\">\n\t\t\t\t\t\t\t\t\t<\/div>\n\t\t<\/div>\n\t\t\t\t\t\t\t<\/div>\n\t\t<\/section>\n\t\t\t\t<section class=\"elementor-section elementor-top-section elementor-element elementor-element-5fa151d elementor-section-boxed elementor-section-height-default elementor-section-height-default\" data-id=\"5fa151d\" data-element_type=\"section\" data-settings=\"{&quot;background_background&quot;:&quot;classic&quot;}\">\n\t\t\t\t\t\t<div class=\"elementor-container elementor-column-gap-default\">\n\t\t\t\t\t<div class=\"elementor-column elementor-col-100 elementor-top-column elementor-element elementor-element-5ae0b4a\" data-id=\"5ae0b4a\" data-element_type=\"column\">\n\t\t\t<div class=\"elementor-widget-wrap elementor-element-populated\">\n\t\t\t\t\t\t\t\t<div class=\"elementor-element elementor-element-e648fa4 elementor-view-default elementor-widget elementor-widget-icon\" data-id=\"e648fa4\" data-element_type=\"widget\" data-widget_type=\"icon.default\">\n\t\t\t\t<div class=\"elementor-widget-container\">\n\t\t\t\t\t<div class=\"elementor-icon-wrapper\">\n\t\t\t<a class=\"elementor-icon\" href=\"mailto:info@svinjceza.com\">\n\t\t\t<i aria-hidden=\"true\" class=\"far fa-envelope\"><\/i>\t\t\t<\/a>\n\t\t<\/div>\n\t\t\t\t<\/div>\n\t\t\t\t<\/div>\n\t\t\t\t<div class=\"elementor-element elementor-element-0af2198 elementor-widget elementor-widget-text-editor\" data-id=\"0af2198\" data-element_type=\"widget\" data-widget_type=\"text-editor.default\">\n\t\t\t\t<div class=\"elementor-widget-container\">\n\t\t\t\t\t\t\t<h2><a href=\"mailto:svinjceza@svinjceza.com\" target=\"_blank\" rel=\"noopener\"><span class=\"il\">svinjceza<\/span>@<span class=\"il\">svinjceza<\/span>.com<\/a><\/h2>\t\t\t\t\t\t<\/div>\n\t\t\t\t<\/div>\n\t\t\t\t<div class=\"elementor-element elementor-element-2adf9cd elementor-widget elementor-widget-spacer\" data-id=\"2adf9cd\" data-element_type=\"widget\" data-widget_type=\"spacer.default\">\n\t\t\t\t<div class=\"elementor-widget-container\">\n\t\t\t\t\t<div class=\"elementor-spacer\">\n\t\t\t<div class=\"elementor-spacer-inner\"><\/div>\n\t\t<\/div>\n\t\t\t\t<\/div>\n\t\t\t\t<\/div>\n\t\t\t\t\t<\/div>\n\t\t<\/div>\n\t\t\t\t\t\t\t<\/div>\n\t\t<\/section>\n\t\t\t\t<section class=\"elementor-section elementor-top-section elementor-element elementor-element-2724025 elementor-section-boxed elementor-section-height-default elementor-section-height-default\" data-id=\"2724025\" data-element_type=\"section\">\n\t\t\t\t\t\t<div class=\"elementor-container elementor-column-gap-default\">\n\t\t\t\t\t<div class=\"elementor-column elementor-col-100 elementor-top-column elementor-element elementor-element-e437519\" data-id=\"e437519\" data-element_type=\"column\">\n\t\t\t<div class=\"elementor-widget-wrap elementor-element-populated\">\n\t\t\t\t\t\t\t\t<div class=\"elementor-element elementor-element-dcece0c elementor-invisible elementor-widget elementor-widget-image\" data-id=\"dcece0c\" data-element_type=\"widget\" data-settings=\"{&quot;_animation&quot;:&quot;lightSpeedIn&quot;}\" data-widget_type=\"image.default\">\n\t\t\t\t<div class=\"elementor-widget-container\">\n\t\t\t\t\t\t\t\t\t\t\t\t\t\t\t<img loading=\"lazy\" decoding=\"async\" width=\"950\" height=\"950\" src=\"https:\/\/svinjceza.com\/wp-content\/uploads\/2022\/02\/svinjceza_homepage2-1-1-1-1024x1024.png\" class=\"attachment-large size-large\" alt=\"\" srcset=\"https:\/\/svinjceza.com\/wp-content\/uploads\/2022\/02\/svinjceza_homepage2-1-1-1-1024x1024.png 1024w, https:\/\/svinjceza.com\/wp-content\/uploads\/2022\/02\/svinjceza_homepage2-1-1-1-300x300.png 300w, https:\/\/svinjceza.com\/wp-content\/uploads\/2022\/02\/svinjceza_homepage2-1-1-1-100x100.png 100w, https:\/\/svinjceza.com\/wp-content\/uploads\/2022\/02\/svinjceza_homepage2-1-1-1-600x600.png 600w, https:\/\/svinjceza.com\/wp-content\/uploads\/2022\/02\/svinjceza_homepage2-1-1-1-150x150.png 150w, https:\/\/svinjceza.com\/wp-content\/uploads\/2022\/02\/svinjceza_homepage2-1-1-1-768x768.png 768w, https:\/\/svinjceza.com\/wp-content\/uploads\/2022\/02\/svinjceza_homepage2-1-1-1-1536x1536.png 1536w, https:\/\/svinjceza.com\/wp-content\/uploads\/2022\/02\/svinjceza_homepage2-1-1-1.png 2048w, https:\/\/svinjceza.com\/wp-content\/uploads\/2022\/02\/svinjceza_homepage2-1-1-1-2000x2000.png 2000w\" sizes=\"auto, 100vw\" \/>\t\t\t\t\t\t\t\t\t\t\t\t\t\t\t<\/div>\n\t\t\t\t<\/div>\n\t\t\t\t\t<\/div>\n\t\t<\/div>\n\t\t\t\t\t\t\t<\/div>\n\t\t<\/section>\n\t\t\t\t\t\t<\/div>\n\t\t\t\t\t<\/div>\n\t\t","protected":false},"excerpt":{"rendered":"<p>Kontakt Imate pitanja? Pi\u0161ite nam i odgovorit \u0107emo vam u najbr\u017eem mogu\u0107em roku svinjceza@svinjceza.com<\/p>\n","protected":false},"author":2,"featured_media":0,"parent":0,"menu_order":0,"comment_status":"closed","ping_status":"closed","template":"elementor_header_footer","meta":{"footnotes":""},"class_list":["post-237","page","type-page","status-publish","hentry"],"_links":{"self":[{"href":"https:\/\/svinjceza.com\/index.php?rest_route=\/wp\/v2\/pages\/237","targetHints":{"allow":["GET"]}}],"collection":[{"href":"https:\/\/svinjceza.com\/index.php?rest_route=\/wp\/v2\/pages"}],"about":[{"href":"https:\/\/svinjceza.com\/index.php?rest_route=\/wp\/v2\/types\/page"}],"author":[{"embeddable":true,"href":"https:\/\/svinjceza.com\/index.php?rest_route=\/wp\/v2\/users\/2"}],"replies":[{"embeddable":true,"href":"https:\/\/svinjceza.com\/index.php?rest_route=%2Fwp%2Fv2%2Fcomments&post=237"}],"version-history":[{"count":16,"href":"https:\/\/svinjceza.com\/index.php?rest_route=\/wp\/v2\/pages\/237\/revisions"}],"predecessor-version":[{"id":338,"href":"https:\/\/svinjceza.com\/index.php?rest_route=\/wp\/v2\/pages\/237\/revisions\/338"}],"wp:attachment":[{"href":"https:\/\/svinjceza.com\/index.php?rest_route=%2Fwp%2Fv2%2Fmedia&parent=237"}],"curies":[{"name":"wp","href":"https:\/\/api.w.org\/{rel}","templated":true}]}}