{"id":179,"date":"2022-04-05T22:24:25","date_gmt":"2022-04-05T22:24:25","guid":{"rendered":"https:\/\/svinjceza.com\/?page_id=179"},"modified":"2022-07-05T20:23:47","modified_gmt":"2022-07-05T20:23:47","slug":"autorice","status":"publish","type":"page","link":"https:\/\/svinjceza.com\/?page_id=179","title":{"rendered":"Autorice"},"content":{"rendered":"\t\t<div data-elementor-type=\"wp-post\" data-elementor-id=\"179\" class=\"elementor elementor-179\" data-elementor-settings=\"[]\">\n\t\t\t\t\t\t\t<div class=\"elementor-section-wrap\">\n\t\t\t\t\t\t\t<section class=\"elementor-section elementor-top-section elementor-element elementor-element-3b2968b elementor-section-boxed elementor-section-height-default elementor-section-height-default\" data-id=\"3b2968b\" data-element_type=\"section\" data-settings=\"{&quot;background_background&quot;:&quot;classic&quot;}\">\n\t\t\t\t\t\t<div class=\"elementor-container elementor-column-gap-default\">\n\t\t\t\t\t<div class=\"elementor-column elementor-col-100 elementor-top-column elementor-element elementor-element-fbf00ae\" data-id=\"fbf00ae\" data-element_type=\"column\">\n\t\t\t<div class=\"elementor-widget-wrap elementor-element-populated\">\n\t\t\t\t\t\t\t\t<div class=\"elementor-element elementor-element-4c67f71 elementor-invisible elementor-widget elementor-widget-image\" data-id=\"4c67f71\" data-element_type=\"widget\" data-settings=\"{&quot;_animation&quot;:&quot;bounceInLeft&quot;}\" data-widget_type=\"image.default\">\n\t\t\t\t<div class=\"elementor-widget-container\">\n\t\t\t<style>\/*! elementor - v3.5.5 - 03-02-2022 *\/\n.elementor-widget-image{text-align:center}.elementor-widget-image a{display:inline-block}.elementor-widget-image a img[src$=\".svg\"]{width:48px}.elementor-widget-image img{vertical-align:middle;display:inline-block}<\/style>\t\t\t\t\t\t\t\t\t\t\t\t<img loading=\"lazy\" decoding=\"async\" width=\"950\" height=\"582\" src=\"https:\/\/svinjceza.com\/wp-content\/uploads\/2022\/02\/cropped-cropped-svinjceza_homepage-1-1-1024x627.png\" class=\"attachment-large size-large\" alt=\"\" srcset=\"https:\/\/svinjceza.com\/wp-content\/uploads\/2022\/02\/cropped-cropped-svinjceza_homepage-1-1-1024x627.png 1024w, https:\/\/svinjceza.com\/wp-content\/uploads\/2022\/02\/cropped-cropped-svinjceza_homepage-1-1-600x368.png 600w, https:\/\/svinjceza.com\/wp-content\/uploads\/2022\/02\/cropped-cropped-svinjceza_homepage-1-1-300x184.png 300w, https:\/\/svinjceza.com\/wp-content\/uploads\/2022\/02\/cropped-cropped-svinjceza_homepage-1-1-768x470.png 768w, https:\/\/svinjceza.com\/wp-content\/uploads\/2022\/02\/cropped-cropped-svinjceza_homepage-1-1-1536x941.png 1536w, https:\/\/svinjceza.com\/wp-content\/uploads\/2022\/02\/cropped-cropped-svinjceza_homepage-1-1.png 2000w\" sizes=\"auto, 100vw\" \/>\t\t\t\t\t\t\t\t\t\t\t\t\t\t\t<\/div>\n\t\t\t\t<\/div>\n\t\t\t\t<div class=\"elementor-element elementor-element-2c2ede2 elementor-widget elementor-widget-spacer\" data-id=\"2c2ede2\" data-element_type=\"widget\" data-widget_type=\"spacer.default\">\n\t\t\t\t<div class=\"elementor-widget-container\">\n\t\t\t\t\t<div class=\"elementor-spacer\">\n\t\t\t<div class=\"elementor-spacer-inner\"><\/div>\n\t\t<\/div>\n\t\t\t\t<\/div>\n\t\t\t\t<\/div>\n\t\t\t\t<div class=\"elementor-element elementor-element-f5fe9fb elementor-widget elementor-widget-heading\" data-id=\"f5fe9fb\" data-element_type=\"widget\" data-widget_type=\"heading.default\">\n\t\t\t\t<div class=\"elementor-widget-container\">\n\t\t\t<style>\/*! elementor - v3.5.5 - 03-02-2022 *\/\n.elementor-heading-title{padding:0;margin:0;line-height:1}.elementor-widget-heading .elementor-heading-title[class*=elementor-size-]>a{color:inherit;font-size:inherit;line-height:inherit}.elementor-widget-heading .elementor-heading-title.elementor-size-small{font-size:15px}.elementor-widget-heading .elementor-heading-title.elementor-size-medium{font-size:19px}.elementor-widget-heading .elementor-heading-title.elementor-size-large{font-size:29px}.elementor-widget-heading .elementor-heading-title.elementor-size-xl{font-size:39px}.elementor-widget-heading .elementor-heading-title.elementor-size-xxl{font-size:59px}<\/style><h1 class=\"elementor-heading-title elementor-size-default\">Kreativni tim<\/h1>\t\t<\/div>\n\t\t\t\t<\/div>\n\t\t\t\t<div class=\"elementor-element elementor-element-7f5baee elementor-widget elementor-widget-spacer\" data-id=\"7f5baee\" data-element_type=\"widget\" data-widget_type=\"spacer.default\">\n\t\t\t\t<div class=\"elementor-widget-container\">\n\t\t\t\t\t<div class=\"elementor-spacer\">\n\t\t\t<div class=\"elementor-spacer-inner\"><\/div>\n\t\t<\/div>\n\t\t\t\t<\/div>\n\t\t\t\t<\/div>\n\t\t\t\t\t<\/div>\n\t\t<\/div>\n\t\t\t\t\t\t\t<\/div>\n\t\t<\/section>\n\t\t\t\t<section class=\"elementor-section elementor-top-section elementor-element elementor-element-0826f43 elementor-section-boxed elementor-section-height-default elementor-section-height-default\" data-id=\"0826f43\" data-element_type=\"section\">\n\t\t\t\t\t\t<div class=\"elementor-container elementor-column-gap-default\">\n\t\t\t\t\t<div class=\"elementor-column elementor-col-16 elementor-top-column elementor-element elementor-element-6b49d5a\" data-id=\"6b49d5a\" data-element_type=\"column\">\n\t\t\t<div class=\"elementor-widget-wrap\">\n\t\t\t\t\t\t\t\t\t<\/div>\n\t\t<\/div>\n\t\t\t\t<div class=\"elementor-column elementor-col-66 elementor-top-column elementor-element elementor-element-5fe2467\" data-id=\"5fe2467\" data-element_type=\"column\">\n\t\t\t<div class=\"elementor-widget-wrap elementor-element-populated\">\n\t\t\t\t\t\t\t\t<div class=\"elementor-element elementor-element-e03e806 elementor-widget elementor-widget-text-editor\" data-id=\"e03e806\" data-element_type=\"widget\" data-widget_type=\"text-editor.default\">\n\t\t\t\t<div class=\"elementor-widget-container\">\n\t\t\t<style>\/*! elementor - v3.5.5 - 03-02-2022 *\/\n.elementor-widget-text-editor.elementor-drop-cap-view-stacked .elementor-drop-cap{background-color:#818a91;color:#fff}.elementor-widget-text-editor.elementor-drop-cap-view-framed .elementor-drop-cap{color:#818a91;border:3px solid;background-color:transparent}.elementor-widget-text-editor:not(.elementor-drop-cap-view-default) .elementor-drop-cap{margin-top:8px}.elementor-widget-text-editor:not(.elementor-drop-cap-view-default) .elementor-drop-cap-letter{width:1em;height:1em}.elementor-widget-text-editor .elementor-drop-cap{float:left;text-align:center;line-height:1;font-size:50px}.elementor-widget-text-editor .elementor-drop-cap-letter{display:inline-block}<\/style>\t\t\t\t<h3>O nama<\/h3><p><strong>Svinjcezini likovi<\/strong><br \/>Tko je Svinjceza? Tko je Svinjc? A Zlatko i svi likovi koje \u0107ete jo\u0161 upoznati?<br \/>Svinjceza i Svinjc \u2013 to smo svi mi! Svi mi koji se volimo igrati, sanjati, izvoditi djetinjarije\u2026 Ova stranica posve\u0107ena je svim mla\u0111ima od 100 godina i onima koji se tako osje\u0107aju.<\/p><p><strong>Kada je sve po\u010delo?<\/strong><br \/>Ideja o Svinjcezi rodila se jo\u0161 2013. godine, a ostvarena je tek za vrijeme pandemije 2021. Iako nam je pandemija donijela mnogo lo\u0161ih iskustava i nesretnih trenutaka, mi smo iz nje izvukli najvi\u0161e \u0161to mo\u017eemo pozitivnoga! Naime, sve u \u017eivotu treba gledati s vedrije strane, a kod nas je \u010da\u0161a uvijek napola puna!<\/p><p><strong>Kako je nastala Svinjceza?<\/strong><br \/>Tvorac neobi\u010dnog lika Svinjceze jest Iva Ko\u017eul Salihagi\u0107, majka dvoje djece koja jako vole \u010ditati i redoviti su posjetitelji Knji\u017enica grada Zagreba. U trenutku kada je uzela pero u ruke, u samo nekoliko dana napisala je dvadesetak naslova u rimi i osmercu. Jo\u0161 u srednjoj \u0161koli uspore\u0111ivali su je s Grigorom Vitezom, no tada nije ni sanjala da bi jednog dana mogla ponosno listati vlastitu slikovnicu. <br \/>Igrom slu\u010daja upoznala se s ma\u0161tovitom umjetnicom Lidijom Kraljevi\u0107, koja je Ivine zami\u0161ljene likove vje\u0161to prenijela na platno. Tada su likovi Svinjceze i Svinjca postali stvarnost.<\/p><p><strong>Slikovnice prilago\u0111ene dje\u010djem oku<\/strong><br \/>Uz pomo\u0107 malih pomaga\u010da Eve i Eli (Ivinih djevoj\u010dica) likovi i boje prilago\u0111eni su dje\u010djem oku. U svim slikovnicama nalazit \u0107e se i njihove ilustracije kako bi cijeli koncept u\u010dinile jo\u0161 zanimljivijim, a svakako je uzbudljivo saznati i njihovo vi\u0111enje likova i doga\u0111aja. Svinjcezine slikovnice posebne su po tome \u0161to Lidija Ivine zamisli, karaktere likova i doga\u0111aje savr\u0161eno uklapa u svoje ilustracije, koje besprijekorno prate tekst pa \u010dak i mla\u0111a djeca mogu razaznati sadr\u017eaj. Drugim rije\u010dima, slikovnica bez teksta bila bi dovoljna sama za sebe!<br \/>Uz Ivinu i Lidijinu odli\u010dnu suradnju nastaju bezvremenska umjetni\u010dka djela, za koja se nadamo da \u0107e \u010ditati nara\u0161taji jo\u0161 godinama iza nas!<\/p>\t\t\t\t\t\t<\/div>\n\t\t\t\t<\/div>\n\t\t\t\t\t<\/div>\n\t\t<\/div>\n\t\t\t\t<div class=\"elementor-column elementor-col-16 elementor-top-column elementor-element elementor-element-1005a24\" data-id=\"1005a24\" data-element_type=\"column\">\n\t\t\t<div class=\"elementor-widget-wrap\">\n\t\t\t\t\t\t\t\t\t<\/div>\n\t\t<\/div>\n\t\t\t\t\t\t\t<\/div>\n\t\t<\/section>\n\t\t\t\t<section class=\"elementor-section elementor-top-section elementor-element elementor-element-5fa151d elementor-section-boxed elementor-section-height-default elementor-section-height-default\" data-id=\"5fa151d\" data-element_type=\"section\" data-settings=\"{&quot;background_background&quot;:&quot;classic&quot;}\">\n\t\t\t\t\t\t<div class=\"elementor-container elementor-column-gap-default\">\n\t\t\t\t\t<div class=\"elementor-column elementor-col-100 elementor-top-column elementor-element elementor-element-5ae0b4a\" data-id=\"5ae0b4a\" data-element_type=\"column\">\n\t\t\t<div class=\"elementor-widget-wrap elementor-element-populated\">\n\t\t\t\t\t\t\t\t<div class=\"elementor-element elementor-element-9f00a39 elementor-widget elementor-widget-spacer\" data-id=\"9f00a39\" data-element_type=\"widget\" data-widget_type=\"spacer.default\">\n\t\t\t\t<div class=\"elementor-widget-container\">\n\t\t\t\t\t<div class=\"elementor-spacer\">\n\t\t\t<div class=\"elementor-spacer-inner\"><\/div>\n\t\t<\/div>\n\t\t\t\t<\/div>\n\t\t\t\t<\/div>\n\t\t\t\t<section class=\"elementor-section elementor-inner-section elementor-element elementor-element-646c8cc elementor-section-boxed elementor-section-height-default elementor-section-height-default\" data-id=\"646c8cc\" data-element_type=\"section\">\n\t\t\t\t\t\t<div class=\"elementor-container elementor-column-gap-default\">\n\t\t\t\t\t<div class=\"elementor-column elementor-col-50 elementor-inner-column elementor-element elementor-element-a8c0452\" data-id=\"a8c0452\" data-element_type=\"column\">\n\t\t\t<div class=\"elementor-widget-wrap elementor-element-populated\">\n\t\t\t\t\t\t\t\t<div class=\"elementor-element elementor-element-77d72b8 elementor-widget elementor-widget-image\" data-id=\"77d72b8\" data-element_type=\"widget\" data-widget_type=\"image.default\">\n\t\t\t\t<div class=\"elementor-widget-container\">\n\t\t\t\t\t\t\t\t\t\t\t\t\t\t\t\t<a href=\"https:\/\/hrti.hrt.hr\/home?id=0df156f0-f34b-cf99-04c7-d315d441b708\">\n\t\t\t\t\t\t\t<img loading=\"lazy\" decoding=\"async\" width=\"950\" height=\"632\" src=\"https:\/\/svinjceza.com\/wp-content\/uploads\/2022\/04\/svinjceza_o_nama_22-1024x681.jpg\" class=\"attachment-large size-large\" alt=\"\" srcset=\"https:\/\/svinjceza.com\/wp-content\/uploads\/2022\/04\/svinjceza_o_nama_22-1024x681.jpg 1024w, https:\/\/svinjceza.com\/wp-content\/uploads\/2022\/04\/svinjceza_o_nama_22-scaled-600x399.jpg 600w, https:\/\/svinjceza.com\/wp-content\/uploads\/2022\/04\/svinjceza_o_nama_22-300x200.jpg 300w, https:\/\/svinjceza.com\/wp-content\/uploads\/2022\/04\/svinjceza_o_nama_22-768x511.jpg 768w, https:\/\/svinjceza.com\/wp-content\/uploads\/2022\/04\/svinjceza_o_nama_22-1536x1022.jpg 1536w, https:\/\/svinjceza.com\/wp-content\/uploads\/2022\/04\/svinjceza_o_nama_22-2048x1362.jpg 2048w, https:\/\/svinjceza.com\/wp-content\/uploads\/2022\/04\/svinjceza_o_nama_22-2000x1330.jpg 2000w\" sizes=\"auto, 100vw\" \/>\t\t\t\t\t\t\t\t<\/a>\n\t\t\t\t\t\t\t\t\t\t\t\t\t\t\t<\/div>\n\t\t\t\t<\/div>\n\t\t\t\t<div class=\"elementor-element elementor-element-b1dcaa8 elementor-widget elementor-widget-text-editor\" data-id=\"b1dcaa8\" data-element_type=\"widget\" data-widget_type=\"text-editor.default\">\n\t\t\t\t<div class=\"elementor-widget-container\">\n\t\t\t\t\t\t\t<h3>O AUTORICI<\/h3><p><strong>Iva Ko\u017eul Salihagi\u0107<\/strong> ro\u0111ena je 1978. u Zagrebu, a odrastala je uz svoja dva brata u gradu i na selu, \u0161to je obilje\u017eilo njezino djetinjstvo te razvilo strast prema vratolomijama, sportu, penjanju po drve\u0107u, igranju Indijanaca i kauboja, tr\u010danju po ki\u0161i bez ki\u0161obrana, skakanju po lokvicama\u2026<br \/><br \/>Iva je bila sve samo ne obi\u010dna djevoj\u010dica; s jedne strane uz starijeg brata nau\u010dila je sastavljati i rastavljati bicikle i motore, izra\u0111ivati pra\u0107ke, voziti auto na ledu, glumiti \u201eBMX bandite\u201d, biti jaka i svoja, dok je s druge strane ve\u0107 kao petogodi\u0161njakinja \u010desto \u010duvala mla\u0111eg brata, uspavljivala ga, zabavljala, presvla\u010dila, \u0161to je razvilo njezinu nje\u017eniju stranu. I dandanas zadr\u017eala je svoj <strong>avanturisti\u010dki i kreativni duh<\/strong> pa tako zajedno sa suprugom odgaja njihove dvije djevoj\u010dice, a upravo su one glavni razlog o\u017eivljavanja likova Svinjca i Svinjceze.<br \/><br \/>Danas Iva radi kao lije\u010dnica, a u slobodno vrijeme, osim \u0161to se igra sa svojim djevoj\u010dicama i redovito im <strong>pi\u0161e pjesmice u rimi,<\/strong> bavi se slikarstvom te izra\u0111uje predmete od keramike. Svoj avanturisti\u010dki duh i vedar karakter simpati\u010dno je preto\u010dila u junake ove slikovnice, \u0161to \u0107e svi oni koji je poznaju i zamijetiti.<\/p>\t\t\t\t\t\t<\/div>\n\t\t\t\t<\/div>\n\t\t\t\t<div class=\"elementor-element elementor-element-bb1df3c elementor-widget elementor-widget-text-editor\" data-id=\"bb1df3c\" data-element_type=\"widget\" data-widget_type=\"text-editor.default\">\n\t\t\t\t<div class=\"elementor-widget-container\">\n\t\t\t\t\t\t\t<h3>SVINJC<\/h3><p>Svinjc je po karakteru sli\u010dan Svinjcezi, vedar je, veseo, iskren, razigran. Poput Svinjceze, odgajan je u kraljevskoj obitelji, ali od igranja pod staklenim zvonom vi\u0161e voli <strong>skakati i tr\u010dati \u0161umom,<\/strong> kampirati, \u017eivjeti punim plu\u0107ima. Nerado odlazi na sve\u010dane ve\u010dere pa kada do\u0111e ku\u0107i i skine kraljevsko odijelo, uska\u010de u svoju zakrpanu sportsku odje\u0107u te se sa svojim prijateljima odlazi igrati u prirodu. Ako se vrati u dvorac \u010dist i nepoderanih hla\u010da, ka\u017ee da igra nije bila dovoljno dobra, \u0161to poku\u0161a nadoknaditi sljede\u0107i dan.<br \/><br \/>Kao i Svinjceza, Svinjc potje\u010de iz prave kraljevske obitelji, a ro\u0111en je u jednom gradi\u0107u Primorske Hrvatske. I njegovo je pravo ime nepoznato jer ga jo\u0161 od djetinjstva svi nazivaju Svinjcem, upravo zbog igre koju najvi\u0161e voli, a to je <strong>nogomet u blatu.<\/strong> U d\u017eepu uvijek ima spremne dvije-tri pikulice ako je ekipa umorna za nogomet ili igru skriva\u010da. Voli voziti reli, sam sastavlja i popravlja svoje automobile, krpa svoje poderane hla\u010de, ru\u010dno izra\u0111uje namje\u0161taj, voli kazali\u0161te, slikanje, \u010ditanje, a vikendom obi\u010dno ode na planinarenje, ronjenje ili jedrenje<\/p>\t\t\t\t\t\t<\/div>\n\t\t\t\t<\/div>\n\t\t\t\t<div class=\"elementor-element elementor-element-d122774 elementor-widget elementor-widget-text-editor\" data-id=\"d122774\" data-element_type=\"widget\" data-widget_type=\"text-editor.default\">\n\t\t\t\t<div class=\"elementor-widget-container\">\n\t\t\t\t\t\t\t<h3>O AUTORICI I ILUSTRATORICI<\/h3><p>Svojim novim nastavkom pri\u010de u stihovima o Svinjcezi i Svinjcu autorica Iva Ko\u017eul Salihagi\u0107 i ilustratorica Lidija Kraljevi\u0107 odu\u0161evit \u0107e ne samo najmla\u0111e nego i odrasle \u010ditatelje. Ovaj izniman dvojac odli\u010dno se nadopunjava, \u0161to svjedo\u010de njihovi vedri, veseli i simpati\u010dni likovi \u2013 i u tekstu i u slici. Iz karaktera Svinjceze i Svinjca jasno se mo\u017ee zaklju\u010diti da je Iva sanjar koji zna \u0161to \u017eeli i od toga ne odustaje: opijena je \u017eivotom i svojim djelima dokazuje da zemlja \u010dudesa zaista postoji. Lidija svojim ilustracijama pokazuje svoj vedar i veseo duh, a njezin osmijeh u potpunosti je prenesen na glavne junake ove slikovnice. I Iva i Lidija spremne su zasukati nogavice i zajedno usko\u010diti u blato i igrati se sa svim svinjcezama i svinj\u010devima koji su dovoljno hrabri to u\u010diniti s njima. Usko\u010dite i vi u novu pri\u010du, a tko zna, mo\u017eda jednoga dana i u pravo blato?!<\/p>\t\t\t\t\t\t<\/div>\n\t\t\t\t<\/div>\n\t\t\t\t\t<\/div>\n\t\t<\/div>\n\t\t\t\t<div class=\"elementor-column elementor-col-50 elementor-inner-column elementor-element elementor-element-8af64a8\" data-id=\"8af64a8\" data-element_type=\"column\">\n\t\t\t<div class=\"elementor-widget-wrap elementor-element-populated\">\n\t\t\t\t\t\t\t\t<div class=\"elementor-element elementor-element-2284f3f elementor-widget elementor-widget-image\" data-id=\"2284f3f\" data-element_type=\"widget\" data-widget_type=\"image.default\">\n\t\t\t\t<div class=\"elementor-widget-container\">\n\t\t\t\t\t\t\t\t\t\t\t\t\t\t\t\t<a href=\"https:\/\/www.facebook.com\/watch\/?v=1302283163515933\">\n\t\t\t\t\t\t\t<img loading=\"lazy\" decoding=\"async\" width=\"950\" height=\"632\" src=\"https:\/\/svinjceza.com\/wp-content\/uploads\/2022\/04\/svinjceza_o_nama_11-1024x681.jpg\" class=\"attachment-large size-large\" alt=\"\" srcset=\"https:\/\/svinjceza.com\/wp-content\/uploads\/2022\/04\/svinjceza_o_nama_11-1024x681.jpg 1024w, https:\/\/svinjceza.com\/wp-content\/uploads\/2022\/04\/svinjceza_o_nama_11-scaled-600x399.jpg 600w, https:\/\/svinjceza.com\/wp-content\/uploads\/2022\/04\/svinjceza_o_nama_11-300x200.jpg 300w, https:\/\/svinjceza.com\/wp-content\/uploads\/2022\/04\/svinjceza_o_nama_11-768x511.jpg 768w, https:\/\/svinjceza.com\/wp-content\/uploads\/2022\/04\/svinjceza_o_nama_11-1536x1022.jpg 1536w, https:\/\/svinjceza.com\/wp-content\/uploads\/2022\/04\/svinjceza_o_nama_11-2048x1362.jpg 2048w, https:\/\/svinjceza.com\/wp-content\/uploads\/2022\/04\/svinjceza_o_nama_11-2000x1330.jpg 2000w\" sizes=\"auto, 100vw\" \/>\t\t\t\t\t\t\t\t<\/a>\n\t\t\t\t\t\t\t\t\t\t\t\t\t\t\t<\/div>\n\t\t\t\t<\/div>\n\t\t\t\t<div class=\"elementor-element elementor-element-0877507 elementor-widget elementor-widget-text-editor\" data-id=\"0877507\" data-element_type=\"widget\" data-widget_type=\"text-editor.default\">\n\t\t\t\t<div class=\"elementor-widget-container\">\n\t\t\t\t\t\t\t<h3>O ILUSTRATORICI<\/h3><p class=\"p1\"><span class=\"s1\"><b>Lidija Kraljevi\u0107<\/b> ro\u0111ena je u Zagrebu 1974. godine. \u0160kolovala se u Zagrebu i Bruxellesu, a radi kao <b>grafi\u010dki dizajner i ilustrator dje\u010djih knjiga i slikovnica<\/b>. U slobodno vrijeme bavi se <b>slikarstvom<\/b>. Iza sebe ima vi\u0161e od dvadeset skupnih i samostalnih izlo\u017ebi. \u010cesto izla\u017ee na razli\u010ditim umjetni\u010dkim sajmovima u Hrvatskoj i inozemstvu te je dobila nekoliko priznanja za svoj rad.<span class=\"Apple-converted-space\">\u00a0<\/span><\/span><\/p><p class=\"p1\"><span class=\"s1\">Rado sura\u0111uje s kreativnim ljudima koji na nju djeluju kao osvje\u017eenje, a to su upravo Iva i njezine pjesmice za djecu.<span class=\"Apple-converted-space\">\u00a0<\/span><\/span><\/p><p class=\"p1\"><span class=\"s1\">U\u017eiva u vremenu provedenom sa svojom obitelji. Voli <b>sport, kazali\u0161te i more<\/b>.<\/span><\/p>\t\t\t\t\t\t<\/div>\n\t\t\t\t<\/div>\n\t\t\t\t<div class=\"elementor-element elementor-element-f752bbb elementor-widget elementor-widget-text-editor\" data-id=\"f752bbb\" data-element_type=\"widget\" data-widget_type=\"text-editor.default\">\n\t\t\t\t<div class=\"elementor-widget-container\">\n\t\t\t\t\t\t\t<h3>SVINJCEZA<\/h3><p><strong>Svinjceza<\/strong> je prava princeza, ro\u0111ena u kraljevskoj obitelji u malom selu kontinentalne Hrvatske. Njezino je pravo ime nepoznato jer je ve\u0107 u ranom djetinjstvu, zbog svojeg druk\u010dijeg i neobi\u010dnog pona\u0161anja (valjanje u blatu voli vi\u0161e nego igru u luksuznom dvorcu), dobila nadimak Svinjceza.<br \/><br \/>Iako je odgajana kao princeza prema pravilima kraljevskih dvora, stasala je u djevoj\u010dicu kojoj se dra\u017ee uprljati, razderati haljinu penju\u0107i se po drve\u0107u, smo\u010diti se na ki\u0161i, <strong>skakati po lokvicama,<\/strong> promijeniti gumu na automobilu, rastaviti bicikl u dijelove i ponovo ga sastaviti, izra\u0111ivati servis za jelo i \u0161alice od keramike, igrati gumi-gumi, okre\u010diti zid, obojiti vrata, saditi cvije\u0107e, okopavati povr\u0107e, hraniti koke, kupiti jaja, brati cvije\u0107e kamilice za \u010daj, prati posu\u0111e\u2026 nego oti\u0107i na sve\u010danu ve\u010deru.<br \/><br \/>Svinjceza se, pored svojih kraljevskih obaveza, u slobodno vrijeme bavi planinarenjem, <strong>odlascima u prirodu,<\/strong> jedrenjem, skijanjem, skakanjem padobranom, pisanjem pjesmica, plesom\u2026 Na prvom joj je mjestu obitelj, iza koje stavlja sve ostalo, Svinjca voli najvi\u0161e na svijetu te rado uve\u010der razgovara s njim o svemu, veseli se malim stvarima te zna cijeniti zdravlje i sre\u0107u.<br \/><br \/>Velika je humanitarka, voli pomagati slabijima, siroma\u0161nima, gladnima, potla\u010denima i bolesnima. \u017delja joj je nabolje promijeniti sve ljude oko sebe; nau\u010diti ih da cijene ono \u0161to imaju, da se vesele svakom trenutku i ne odustaju od svojih ideala i ciljeva. Svojim primjerom \u017eeli pokazati kako bi svijet trebao izgledati,<strong> iskrena je,<\/strong> uporna, radi\u0161na, uvijek vesela i nasmijana. Ne boji se pokazati sve svoje osje\u0107aje; otka\u010dena kada je igra u pitanju, a ozbiljna prema svom radu i poslu, voli prirodu i brine se da je ne uni\u0161tava, poma\u017ee svima oko sebe, svakom pru\u017ea priliku, nema predrasuda, ne osu\u0111uje, opra\u0161ta, voli\u2026<br \/><br \/><strong>Budimo svi kao Svinjceza i Zemlja \u0107e jednog dana biti ljep\u0161e mjesto \u2013 bez mr\u017enje i zavisti, bez prijevare i kra\u0111e, bez sva\u0111e i rata!<\/strong><\/p>\t\t\t\t\t\t<\/div>\n\t\t\t\t<\/div>\n\t\t\t\t\t<\/div>\n\t\t<\/div>\n\t\t\t\t\t\t\t<\/div>\n\t\t<\/section>\n\t\t\t\t<div class=\"elementor-element elementor-element-2adf9cd elementor-widget elementor-widget-spacer\" data-id=\"2adf9cd\" data-element_type=\"widget\" data-widget_type=\"spacer.default\">\n\t\t\t\t<div class=\"elementor-widget-container\">\n\t\t\t\t\t<div class=\"elementor-spacer\">\n\t\t\t<div class=\"elementor-spacer-inner\"><\/div>\n\t\t<\/div>\n\t\t\t\t<\/div>\n\t\t\t\t<\/div>\n\t\t\t\t\t<\/div>\n\t\t<\/div>\n\t\t\t\t\t\t\t<\/div>\n\t\t<\/section>\n\t\t\t\t\t\t<\/div>\n\t\t\t\t\t<\/div>\n\t\t","protected":false},"excerpt":{"rendered":"<p>Kreativni tim O nama Svinjcezini likoviTko je Svinjceza? Tko je Svinjc? A Zlatko i svi likovi koje \u0107ete jo\u0161 upoznati?Svinjceza i Svinjc \u2013 to smo svi mi! Svi mi koji se volimo igrati, sanjati, izvoditi djetinjarije\u2026 Ova stranica posve\u0107ena je svim mla\u0111ima od 100 godina i onima koji se tako osje\u0107aju. Kada je sve po\u010delo?Ideja &hellip; <\/p>\n<p class=\"link-more\"><a href=\"https:\/\/svinjceza.com\/?page_id=179\" class=\"more-link\">Read more<span class=\"screen-reader-text\"> &#8220;Autorice&#8221;<\/span><\/a><\/p>\n","protected":false},"author":2,"featured_media":0,"parent":0,"menu_order":0,"comment_status":"closed","ping_status":"closed","template":"elementor_header_footer","meta":{"footnotes":""},"class_list":["post-179","page","type-page","status-publish","hentry"],"_links":{"self":[{"href":"https:\/\/svinjceza.com\/index.php?rest_route=\/wp\/v2\/pages\/179","targetHints":{"allow":["GET"]}}],"collection":[{"href":"https:\/\/svinjceza.com\/index.php?rest_route=\/wp\/v2\/pages"}],"about":[{"href":"https:\/\/svinjceza.com\/index.php?rest_route=\/wp\/v2\/types\/page"}],"author":[{"embeddable":true,"href":"https:\/\/svinjceza.com\/index.php?rest_route=\/wp\/v2\/users\/2"}],"replies":[{"embeddable":true,"href":"https:\/\/svinjceza.com\/index.php?rest_route=%2Fwp%2Fv2%2Fcomments&post=179"}],"version-history":[{"count":58,"href":"https:\/\/svinjceza.com\/index.php?rest_route=\/wp\/v2\/pages\/179\/revisions"}],"predecessor-version":[{"id":334,"href":"https:\/\/svinjceza.com\/index.php?rest_route=\/wp\/v2\/pages\/179\/revisions\/334"}],"wp:attachment":[{"href":"https:\/\/svinjceza.com\/index.php?rest_route=%2Fwp%2Fv2%2Fmedia&parent=179"}],"curies":[{"name":"wp","href":"https:\/\/api.w.org\/{rel}","templated":true}]}}